{"id":71632,"date":"2021-07-06T12:47:15","date_gmt":"2021-07-06T19:47:15","guid":{"rendered":"https:\/\/camaradecomerciocristiana.com\/?page_id=71632"},"modified":"2021-07-12T15:59:33","modified_gmt":"2021-07-12T22:59:33","slug":"careers","status":"publish","type":"page","link":"https:\/\/camaradecomerciocristiana.com\/es\/careers\/","title":{"rendered":"Carreras"},"content":{"rendered":"<div id=\"pl-71632\"  class=\"panel-layout\" ><div id=\"pg-71632-0\"  class=\"panel-grid panel-has-style\" ><div class=\"siteorigin-panels-stretch panel-row-style panel-row-style-for-71632-0\" data-stretch-type=\"full-stretched\" ><div id=\"pgc-71632-0-0\"  class=\"panel-grid-cell\" ><div id=\"panel-71632-0-0-0\" class=\"so-panel widget widget_sow-hero panel-first-child panel-last-child\" data-index=\"0\" ><div\n\t\t\t\n\t\t\tclass=\"so-widget-sow-hero so-widget-sow-hero-default-26cf352297e8-71632 so-widget-fittext-wrapper\"\n\t\t\t data-fit-text-compressor=\"0.85\"\n\t\t>\t\t\t\t<div class=\"sow-slider-base\" style=\"display: none\" tabindex=\"0\">\n\t\t\t\t\t<ul\n\t\t\t\t\tclass=\"sow-slider-images\"\n\t\t\t\t\tdata-settings=\"{&quot;pagination&quot;:true,&quot;speed&quot;:800,&quot;timeout&quot;:8000,&quot;paused&quot;:false,&quot;pause_on_hover&quot;:false,&quot;swipe&quot;:true,&quot;nav_always_show_desktop&quot;:&quot;&quot;,&quot;nav_always_show_mobile&quot;:&quot;&quot;,&quot;breakpoint&quot;:&quot;780px&quot;,&quot;unmute&quot;:false,&quot;anchor&quot;:null}\"\n\t\t\t\t\t\t\t\t\t\tdata-anchor-id=\"\"\n\t\t\t\t>\t\t<li class=\"sow-slider-image  sow-slider-image-cover\" style=\"visibility: visible;;background-color: #2cb1e2\" >\n\t\t\t\t\t<div class=\"sow-slider-image-container\">\n\t\t\t<div class=\"sow-slider-image-wrapper\">\n\t\t\t\t<h1>Carreras<\/h1>\n<p>\u00a1Ayudando a otros a encontrar la carrera de sus sue\u00f1os!<\/p>\t\t\t<\/div>\n\t\t<\/div>\n\t\t<div class=\"sow-slider-image-overlay sow-slider-image-cover\" style=\"opacity: 0.4;background-image: url(https:\/\/layouts.siteorigin.com\/wp-content\/uploads\/2015\/11\/scuba-diving.jpg#1920x1116)\"  ><\/div>\t\t<\/li>\n\t\t<\/ul>\t\t\t\t<ol class=\"sow-slider-pagination\">\n\t\t\t\t\t\t\t\t\t\t\t<li><a href=\"#\" data-goto=\"0\" aria-label=\"Display slide 1\"><\/a><\/li>\n\t\t\t\t\t\t\t\t\t<\/ol>\n\n\t\t\t\t<div class=\"sow-slide-nav sow-slide-nav-next\">\n\t\t\t\t\t<a href=\"#\" data-goto=\"next\" aria-label=\"Next slide\" data-action=\"next\">\n\t\t\t\t\t\t<em class=\"sow-sld-icon-thin-right\"><\/em>\n\t\t\t\t\t<\/a>\n\t\t\t\t<\/div>\n\n\t\t\t\t<div class=\"sow-slide-nav sow-slide-nav-prev\">\n\t\t\t\t\t<a href=\"#\" data-goto=\"previous\" aria-label=\"Previous slide\" data-action=\"prev\">\n\t\t\t\t\t\t<em class=\"sow-sld-icon-thin-left\"><\/em>\n\t\t\t\t\t<\/a>\n\t\t\t\t<\/div>\n\t\t\t\t<\/div><\/div><\/div><\/div><\/div><\/div><div id=\"pg-71632-1\"  class=\"panel-grid panel-has-style\" ><div class=\"panel-row-style panel-row-style-for-71632-1\" ><div id=\"pgc-71632-1-0\"  class=\"panel-grid-cell panel-grid-cell-mobile-last\" ><div id=\"panel-71632-1-0-0\" class=\"so-panel widget widget_sow-headline panel-first-child\" data-index=\"1\" ><div\n\t\t\t\n\t\t\tclass=\"so-widget-sow-headline so-widget-sow-headline-default-c06bd6e1473c-71632\"\n\t\t\t\n\t\t><div class=\"sow-headline-container\">\n\t\t\t\t\t\t\t<h2 class=\"sow-headline\">\n\t\t\t\t\t\t\t\t\t\t\t\t\t<a href=\"https:\/\/camaradecomerciocristiana.com\/es\/job-bank\/\" >\n\t\t\t\t\t\t\t\tBolsa de trabajo<\/a>\t\t\t\t\t\t<\/h2>\n\t\t\t\t\t\t\t\t\t\t\t\t<h3 class=\"sow-sub-headline\">\n\t\t\t\t\t\tEn nuestra Bolsa de Trabajo, todos los miembros b\u00e1sicos encontrar\u00e1n la oportunidad de encontrar puestos de trabajo dentro de nuestra red de miembros. \t\t\t\t\t\t<\/h3>\n\t\t\t\t\t\t<\/div>\n<\/div><\/div><div id=\"panel-71632-1-0-1\" class=\"so-panel widget widget_sow-button panel-last-child\" data-index=\"2\" ><div\n\t\t\t\n\t\t\tclass=\"so-widget-sow-button so-widget-sow-button-wire-c5ef06526703-71632\"\n\t\t\t\n\t\t><div class=\"ow-button-base ow-button-align-left\"\n>\n\t\t\t<a\n\t\t\t\t\thref=\"https:\/\/camaradecomerciocristiana.com\/es\/job-bank\/\"\n\t\t\t\t\tclass=\"sowb-button ow-icon-placement-left ow-button-hover\" \t>\n\t\t<span>\n\t\t\t\n\t\t\tPregunte ahora\t\t<\/span>\n\t\t\t<\/a>\n\t<\/div>\n<\/div><\/div><\/div><div id=\"pgc-71632-1-1\"  class=\"panel-grid-cell panel-grid-cell-empty\" ><\/div><\/div><\/div><div id=\"pg-71632-2\"  class=\"panel-grid panel-has-style\" ><div class=\"siteorigin-panels-stretch panel-row-style panel-row-style-for-71632-2\" data-stretch-type=\"full\" ><div id=\"pgc-71632-2-0\"  class=\"panel-grid-cell panel-grid-cell-empty\" ><\/div><div id=\"pgc-71632-2-1\"  class=\"panel-grid-cell\" ><div id=\"panel-71632-2-1-0\" class=\"so-panel widget widget_sow-headline panel-first-child\" data-index=\"3\" ><div\n\t\t\t\n\t\t\tclass=\"so-widget-sow-headline so-widget-sow-headline-default-09de32f8a732-71632\"\n\t\t\t\n\t\t><div class=\"sow-headline-container\">\n\t\t\t\t\t\t\t<h2 class=\"sow-headline\">\n\t\t\t\t\t\tReclutadores \t\t\t\t\t\t<\/h2>\n\t\t\t\t\t\t\t\t\t\t\t\t<h3 class=\"sow-sub-headline\">\n\t\t\t\t\t\tEste es un recurso exclusivo para membres\u00edas sin fines de lucro, est\u00e1ndar y premium. Si est\u00e1 buscando contratar, ahora puede enumerar sus puestos vacantes con nosotros\t\t\t\t\t\t<\/h3>\n\t\t\t\t\t\t<\/div>\n<\/div><\/div><div id=\"panel-71632-2-1-1\" class=\"so-panel widget widget_sow-button panel-last-child\" data-index=\"4\" ><div\n\t\t\t\n\t\t\tclass=\"so-widget-sow-button so-widget-sow-button-wire-6f1de9de6317-71632\"\n\t\t\t\n\t\t><div class=\"ow-button-base ow-button-align-right\"\n>\n\t\t\t<a\n\t\t\t\t\thref=\"https:\/\/camaradecomerciocristiana.com\/es\/job-listing-submission\/\"\n\t\t\t\t\tclass=\"sowb-button ow-icon-placement-left ow-button-hover\" \t>\n\t\t<span>\n\t\t\t\n\t\t\tEmpiece a contratar\t\t<\/span>\n\t\t\t<\/a>\n\t<\/div>\n<\/div><\/div><\/div><\/div><\/div><div id=\"pg-71632-3\"  class=\"panel-grid panel-has-style\" ><div class=\"panel-row-style panel-row-style-for-71632-3\" ><div id=\"pgc-71632-3-0\"  class=\"panel-grid-cell panel-grid-cell-mobile-last\" ><div id=\"panel-71632-3-0-0\" class=\"so-panel widget widget_sow-headline panel-first-child\" data-index=\"5\" ><div\n\t\t\t\n\t\t\tclass=\"so-widget-sow-headline so-widget-sow-headline-default-c06bd6e1473c-71632\"\n\t\t\t\n\t\t><div class=\"sow-headline-container\">\n\t\t\t\t\t\t\t<h2 class=\"sow-headline\">\n\t\t\t\t\t\t\t\t\t\t\t\t\t<a href=\"https:\/\/camaradecomerciocristiana.com\/es\/job-bank\/\" >\n\t\t\t\t\t\t\t\tEquipo de contenido creativo<\/a>\t\t\t\t\t\t<\/h2>\n\t\t\t\t\t\t\t\t\t\t\t\t<h3 class=\"sow-sub-headline\">\n\t\t\t\t\t\t\t\t\t\t\t\t\t<a href=\"https:\/\/ccofcommerce.com\/creative-content-team\/\" >\n\t\t\t\t\t\t\t\t\u00bfSiempre has querido trabajar en medios, marketing o publicidad? nuestra c\u00e1mara puede ayudarlo a obtener la experiencia necesaria para seguir esta carrera.<\/a>\t\t\t\t\t\t<\/h3>\n\t\t\t\t\t\t<\/div>\n<\/div><\/div><div id=\"panel-71632-3-0-1\" class=\"so-panel widget widget_sow-button panel-last-child\" data-index=\"6\" ><div\n\t\t\t\n\t\t\tclass=\"so-widget-sow-button so-widget-sow-button-wire-c5ef06526703-71632\"\n\t\t\t\n\t\t><div class=\"ow-button-base ow-button-align-left\"\n>\n\t\t\t<a\n\t\t\t\t\thref=\"https:\/\/camaradecomerciocristiana.com\/es\/job-bank\/\"\n\t\t\t\t\tclass=\"sowb-button ow-icon-placement-left ow-button-hover\" \t>\n\t\t<span>\n\t\t\t\n\t\t\tPregunte ahora\t\t<\/span>\n\t\t\t<\/a>\n\t<\/div>\n<\/div><\/div><\/div><div id=\"pgc-71632-3-1\"  class=\"panel-grid-cell panel-grid-cell-empty\" ><\/div><\/div><\/div><\/div>","protected":false},"excerpt":{"rendered":"<p>Careers Helping others finding their dream careers! Job Bank In our Job-bank, all basic members will find the opportunity to find job positions within our members network. Enquire now Recruiters This is an exclusive resource for Non-profit, Standard and Premium memberships. If you are looking to hire, you can now list your open positions with&#8230;<\/p>","protected":false},"author":10,"featured_media":0,"parent":0,"menu_order":0,"comment_status":"closed","ping_status":"closed","template":"","meta":{"nf_dc_page":"","footnotes":""},"class_list":["post-71632","page","type-page","status-publish","hentry"],"yoast_head":"<!-- This site is optimized with the Yoast SEO plugin v27.4 - https:\/\/yoast.com\/product\/yoast-seo-wordpress\/ -->\n<title>Careers - Camara de Comercio Cristiana<\/title>\n<meta name=\"robots\" content=\"index, follow, max-snippet:-1, max-image-preview:large, max-video-preview:-1\" \/>\n<link rel=\"canonical\" href=\"https:\/\/camaradecomerciocristiana.com\/es\/careers\/\" \/>\n<meta property=\"og:locale\" content=\"es_MX\" \/>\n<meta property=\"og:type\" content=\"article\" \/>\n<meta property=\"og:title\" content=\"Careers - Camara de Comercio Cristiana\" \/>\n<meta property=\"og:description\" content=\"Careers Helping others finding their dream careers! Job Bank In our Job-bank, all basic members will find the opportunity to find job positions within\" \/>\n<meta property=\"og:url\" content=\"https:\/\/camaradecomerciocristiana.com\/es\/careers\/\" \/>\n<meta property=\"og:site_name\" content=\"Camara de Comercio Cristiana\" \/>\n<meta property=\"article:publisher\" content=\"https:\/\/www.facebook.com\/christianchamberofcommerceus\/\" \/>\n<meta property=\"article:modified_time\" content=\"2021-07-12T22:59:33+00:00\" \/>\n<meta name=\"twitter:card\" content=\"summary_large_image\" \/>\n<meta name=\"twitter:site\" content=\"@ccchdq1\" \/>\n<meta name=\"twitter:label1\" content=\"Tiempo de lectura\" \/>\n\t<meta name=\"twitter:data1\" content=\"2 minutos\" \/>\n<script type=\"application\/ld+json\" class=\"yoast-schema-graph\">{\"@context\":\"https:\\\/\\\/schema.org\",\"@graph\":[{\"@type\":\"WebPage\",\"@id\":\"https:\\\/\\\/camaradecomerciocristiana.com\\\/careers\\\/\",\"url\":\"https:\\\/\\\/camaradecomerciocristiana.com\\\/careers\\\/\",\"name\":\"Careers - Camara de Comercio Cristiana\",\"isPartOf\":{\"@id\":\"https:\\\/\\\/camaradecomerciocristiana.com\\\/#website\"},\"datePublished\":\"2021-07-06T19:47:15+00:00\",\"dateModified\":\"2021-07-12T22:59:33+00:00\",\"breadcrumb\":{\"@id\":\"https:\\\/\\\/camaradecomerciocristiana.com\\\/careers\\\/#breadcrumb\"},\"inLanguage\":\"es\",\"potentialAction\":[{\"@type\":\"ReadAction\",\"target\":[\"https:\\\/\\\/camaradecomerciocristiana.com\\\/careers\\\/\"]}]},{\"@type\":\"BreadcrumbList\",\"@id\":\"https:\\\/\\\/camaradecomerciocristiana.com\\\/careers\\\/#breadcrumb\",\"itemListElement\":[{\"@type\":\"ListItem\",\"position\":1,\"name\":\"Home\",\"item\":\"https:\\\/\\\/camaradecomerciocristiana.com\\\/\"},{\"@type\":\"ListItem\",\"position\":2,\"name\":\"Careers\"}]},{\"@type\":\"WebSite\",\"@id\":\"https:\\\/\\\/camaradecomerciocristiana.com\\\/#website\",\"url\":\"https:\\\/\\\/camaradecomerciocristiana.com\\\/\",\"name\":\"Christian Chamber of Commerce\",\"description\":\"Ayudandonos unos a los otros\",\"publisher\":{\"@id\":\"https:\\\/\\\/camaradecomerciocristiana.com\\\/#organization\"},\"potentialAction\":[{\"@type\":\"SearchAction\",\"target\":{\"@type\":\"EntryPoint\",\"urlTemplate\":\"https:\\\/\\\/camaradecomerciocristiana.com\\\/?s={search_term_string}\"},\"query-input\":{\"@type\":\"PropertyValueSpecification\",\"valueRequired\":true,\"valueName\":\"search_term_string\"}}],\"inLanguage\":\"es\"},{\"@type\":\"Organization\",\"@id\":\"https:\\\/\\\/camaradecomerciocristiana.com\\\/#organization\",\"name\":\"Christian Chamber of commerce\",\"url\":\"https:\\\/\\\/camaradecomerciocristiana.com\\\/\",\"logo\":{\"@type\":\"ImageObject\",\"inLanguage\":\"es\",\"@id\":\"https:\\\/\\\/camaradecomerciocristiana.com\\\/#\\\/schema\\\/logo\\\/image\\\/\",\"url\":\"https:\\\/\\\/i0.wp.com\\\/camaradecomerciocristiana.com\\\/wp-content\\\/uploads\\\/2019\\\/07\\\/chris-small.png?fit=200%2C99&ssl=1\",\"contentUrl\":\"https:\\\/\\\/i0.wp.com\\\/camaradecomerciocristiana.com\\\/wp-content\\\/uploads\\\/2019\\\/07\\\/chris-small.png?fit=200%2C99&ssl=1\",\"width\":200,\"height\":99,\"caption\":\"Christian Chamber of commerce\"},\"image\":{\"@id\":\"https:\\\/\\\/camaradecomerciocristiana.com\\\/#\\\/schema\\\/logo\\\/image\\\/\"},\"sameAs\":[\"https:\\\/\\\/www.facebook.com\\\/christianchamberofcommerceus\\\/\",\"https:\\\/\\\/x.com\\\/ccchdq1\",\"https:\\\/\\\/www.instagram.com\\\/christian_chamber\\\/\",\"https:\\\/\\\/www.linkedin.com\\\/company\\\/the-christian-chamber-of-commerce\"]}]}<\/script>\n<!-- \/ Yoast SEO plugin. -->","yoast_head_json":{"title":"Careers - Camara de Comercio Cristiana","robots":{"index":"index","follow":"follow","max-snippet":"max-snippet:-1","max-image-preview":"max-image-preview:large","max-video-preview":"max-video-preview:-1"},"canonical":"https:\/\/camaradecomerciocristiana.com\/es\/careers\/","og_locale":"es_MX","og_type":"article","og_title":"Careers - Camara de Comercio Cristiana","og_description":"Careers Helping others finding their dream careers! Job Bank In our Job-bank, all basic members will find the opportunity to find job positions within","og_url":"https:\/\/camaradecomerciocristiana.com\/es\/careers\/","og_site_name":"Camara de Comercio Cristiana","article_publisher":"https:\/\/www.facebook.com\/christianchamberofcommerceus\/","article_modified_time":"2021-07-12T22:59:33+00:00","twitter_card":"summary_large_image","twitter_site":"@ccchdq1","twitter_misc":{"Tiempo de lectura":"2 minutos"},"schema":{"@context":"https:\/\/schema.org","@graph":[{"@type":"WebPage","@id":"https:\/\/camaradecomerciocristiana.com\/careers\/","url":"https:\/\/camaradecomerciocristiana.com\/careers\/","name":"Careers - Camara de Comercio Cristiana","isPartOf":{"@id":"https:\/\/camaradecomerciocristiana.com\/#website"},"datePublished":"2021-07-06T19:47:15+00:00","dateModified":"2021-07-12T22:59:33+00:00","breadcrumb":{"@id":"https:\/\/camaradecomerciocristiana.com\/careers\/#breadcrumb"},"inLanguage":"es","potentialAction":[{"@type":"ReadAction","target":["https:\/\/camaradecomerciocristiana.com\/careers\/"]}]},{"@type":"BreadcrumbList","@id":"https:\/\/camaradecomerciocristiana.com\/careers\/#breadcrumb","itemListElement":[{"@type":"ListItem","position":1,"name":"Home","item":"https:\/\/camaradecomerciocristiana.com\/"},{"@type":"ListItem","position":2,"name":"Careers"}]},{"@type":"WebSite","@id":"https:\/\/camaradecomerciocristiana.com\/#website","url":"https:\/\/camaradecomerciocristiana.com\/","name":"C\u00e1mara de Comercio Cristiana","description":"Ayudandonos unos a los otros","publisher":{"@id":"https:\/\/camaradecomerciocristiana.com\/#organization"},"potentialAction":[{"@type":"SearchAction","target":{"@type":"EntryPoint","urlTemplate":"https:\/\/camaradecomerciocristiana.com\/?s={search_term_string}"},"query-input":{"@type":"PropertyValueSpecification","valueRequired":true,"valueName":"search_term_string"}}],"inLanguage":"es"},{"@type":"Organization","@id":"https:\/\/camaradecomerciocristiana.com\/#organization","name":"Christian Chamber of commerce","url":"https:\/\/camaradecomerciocristiana.com\/","logo":{"@type":"ImageObject","inLanguage":"es","@id":"https:\/\/camaradecomerciocristiana.com\/#\/schema\/logo\/image\/","url":"https:\/\/i0.wp.com\/camaradecomerciocristiana.com\/wp-content\/uploads\/2019\/07\/chris-small.png?fit=200%2C99&ssl=1","contentUrl":"https:\/\/i0.wp.com\/camaradecomerciocristiana.com\/wp-content\/uploads\/2019\/07\/chris-small.png?fit=200%2C99&ssl=1","width":200,"height":99,"caption":"Christian Chamber of commerce"},"image":{"@id":"https:\/\/camaradecomerciocristiana.com\/#\/schema\/logo\/image\/"},"sameAs":["https:\/\/www.facebook.com\/christianchamberofcommerceus\/","https:\/\/x.com\/ccchdq1","https:\/\/www.instagram.com\/christian_chamber\/","https:\/\/www.linkedin.com\/company\/the-christian-chamber-of-commerce"]}]}},"jetpack_sharing_enabled":true,"_links":{"self":[{"href":"https:\/\/camaradecomerciocristiana.com\/es\/wp-json\/wp\/v2\/pages\/71632","targetHints":{"allow":["GET"]}}],"collection":[{"href":"https:\/\/camaradecomerciocristiana.com\/es\/wp-json\/wp\/v2\/pages"}],"about":[{"href":"https:\/\/camaradecomerciocristiana.com\/es\/wp-json\/wp\/v2\/types\/page"}],"author":[{"embeddable":true,"href":"https:\/\/camaradecomerciocristiana.com\/es\/wp-json\/wp\/v2\/users\/10"}],"replies":[{"embeddable":true,"href":"https:\/\/camaradecomerciocristiana.com\/es\/wp-json\/wp\/v2\/comments?post=71632"}],"version-history":[{"count":5,"href":"https:\/\/camaradecomerciocristiana.com\/es\/wp-json\/wp\/v2\/pages\/71632\/revisions"}],"predecessor-version":[{"id":71753,"href":"https:\/\/camaradecomerciocristiana.com\/es\/wp-json\/wp\/v2\/pages\/71632\/revisions\/71753"}],"wp:attachment":[{"href":"https:\/\/camaradecomerciocristiana.com\/es\/wp-json\/wp\/v2\/media?parent=71632"}],"curies":[{"name":"wp","href":"https:\/\/api.w.org\/{rel}","templated":true}]}}