{"id":397,"date":"2014-11-20T05:53:11","date_gmt":"2014-11-20T05:53:11","guid":{"rendered":"https:\/\/accesspressthemes.com\/accesspress-parallax-pro-demo\/?page_id=397"},"modified":"2022-03-17T13:56:07","modified_gmt":"2022-03-17T20:56:07","slug":"about-us-our-vision","status":"publish","type":"page","link":"https:\/\/camaradecomerciocristiana.com\/es\/about-us-our-vision\/","title":{"rendered":"Acerca de"},"content":{"rendered":"<div id=\"pl-397\"  class=\"panel-layout\" ><div id=\"pg-397-0\"  class=\"panel-grid panel-has-style\" ><div class=\"siteorigin-panels-stretch panel-row-style panel-row-style-for-397-0\" data-stretch-type=\"full-stretched\" ><div id=\"pgc-397-0-0\"  class=\"panel-grid-cell\" ><div id=\"panel-397-0-0-0\" class=\"so-panel widget widget_sow-hero panel-first-child panel-last-child\" data-index=\"0\" ><div\n\t\t\t\n\t\t\tclass=\"so-widget-sow-hero so-widget-sow-hero-default-81741d735408-397\"\n\t\t\t\n\t\t>\t\t\t\t<div class=\"sow-slider-base\" style=\"display: none\" tabindex=\"0\">\n\t\t\t\t\t<ul\n\t\t\t\t\tclass=\"sow-slider-images\"\n\t\t\t\t\tdata-settings=\"{&quot;pagination&quot;:true,&quot;speed&quot;:800,&quot;timeout&quot;:8000,&quot;paused&quot;:false,&quot;pause_on_hover&quot;:false,&quot;swipe&quot;:false,&quot;nav_always_show_desktop&quot;:&quot;&quot;,&quot;nav_always_show_mobile&quot;:&quot;&quot;,&quot;breakpoint&quot;:&quot;780px&quot;,&quot;unmute&quot;:false,&quot;anchor&quot;:null}\"\n\t\t\t\t\t\t\t\t\t\tdata-anchor-id=\"\"\n\t\t\t\t>\t\t<li class=\"sow-slider-image  sow-slider-image-cover\" style=\"visibility: visible;;background-color: #333333;background-image: url(https:\/\/i0.wp.com\/camaradecomerciocristiana.com\/wp-content\/uploads\/2019\/10\/background-blue-blur-2347380.jpg?fit=1280%2C853&#038;ssl=1)\" >\n\t\t\t\t\t<div class=\"sow-slider-image-container\">\n\t\t\t<div class=\"sow-slider-image-wrapper\">\n\t\t\t\t<h1 style=\"text-align: center\">Sobre nosotros<\/h1>\n\t\t\t<\/div>\n\t\t<\/div>\n\t\t\t\t<\/li>\n\t\t<\/ul>\t\t\t\t<ol class=\"sow-slider-pagination\">\n\t\t\t\t\t\t\t\t\t\t\t<li><a href=\"#\" data-goto=\"0\" aria-label=\"Display slide 1\"><\/a><\/li>\n\t\t\t\t\t\t\t\t\t<\/ol>\n\n\t\t\t\t<div class=\"sow-slide-nav sow-slide-nav-next\">\n\t\t\t\t\t<a href=\"#\" data-goto=\"next\" aria-label=\"Next slide\" data-action=\"next\">\n\t\t\t\t\t\t<em class=\"sow-sld-icon-thin-right\"><\/em>\n\t\t\t\t\t<\/a>\n\t\t\t\t<\/div>\n\n\t\t\t\t<div class=\"sow-slide-nav sow-slide-nav-prev\">\n\t\t\t\t\t<a href=\"#\" data-goto=\"previous\" aria-label=\"Previous slide\" data-action=\"prev\">\n\t\t\t\t\t\t<em class=\"sow-sld-icon-thin-left\"><\/em>\n\t\t\t\t\t<\/a>\n\t\t\t\t<\/div>\n\t\t\t\t<\/div><\/div><\/div><\/div><\/div><\/div><div id=\"pg-397-1\"  class=\"panel-grid panel-has-style\" ><div class=\"siteorigin-panels-stretch panel-row-style panel-row-style-for-397-1\" data-stretch-type=\"full\" ><div id=\"pgc-397-1-0\"  class=\"panel-grid-cell\" ><div id=\"panel-397-1-0-0\" class=\"so-panel widget widget_sow-headline panel-first-child\" data-index=\"1\" ><div\n\t\t\t\n\t\t\tclass=\"so-widget-sow-headline so-widget-sow-headline-default-4eee745bf24d-397\"\n\t\t\t\n\t\t><div class=\"sow-headline-container\">\n\t\t\t\t\t\t\t<h1 class=\"sow-headline\">\n\t\t\t\t\t\tNUESTRA VISI\u00d3N\t\t\t\t\t\t<\/h1>\n\t\t\t\t\t\t<\/div>\n<\/div><\/div><div id=\"panel-397-1-0-1\" class=\"so-panel widget widget_sow-editor panel-last-child\" data-index=\"2\" ><div\n\t\t\t\n\t\t\tclass=\"so-widget-sow-editor so-widget-sow-editor-base\"\n\t\t\t\n\t\t>\n<div class=\"siteorigin-widget-tinymce textwidget\">\n\t<h3>Unificar empresas y organizaciones que promuevan los valores cristianos para bendecir a nuestros miembros y nuestra comunidad en el mercado. Proverbios 8:17-18<\/h3>\n<\/div>\n<\/div><\/div><\/div><div id=\"pgc-397-1-1\"  class=\"panel-grid-cell\" ><div id=\"panel-397-1-1-0\" class=\"so-panel widget widget_sow-headline panel-first-child\" data-index=\"3\" ><div\n\t\t\t\n\t\t\tclass=\"so-widget-sow-headline so-widget-sow-headline-default-4eee745bf24d-397\"\n\t\t\t\n\t\t><div class=\"sow-headline-container\">\n\t\t\t\t\t\t\t<h1 class=\"sow-headline\">\n\t\t\t\t\t\tNUESTRA MISI\u00d3N\t\t\t\t\t\t<\/h1>\n\t\t\t\t\t\t<\/div>\n<\/div><\/div><div id=\"panel-397-1-1-1\" class=\"so-panel widget widget_sow-editor panel-last-child\" data-index=\"4\" ><div\n\t\t\t\n\t\t\tclass=\"so-widget-sow-editor so-widget-sow-editor-base\"\n\t\t\t\n\t\t>\n<div class=\"siteorigin-widget-tinymce textwidget\">\n\t<p>Somos la organizaci\u00f3n l\u00edder en estimular los valores cristianos en el mercado. Fortalecemos a nuestros miembros y la comunidad de manera integral, participando del crecimiento socio-econ\u00f3mico a nivel global.<\/p>\n<\/div>\n<\/div><\/div><\/div><\/div><\/div><div id=\"pg-397-2\"  class=\"panel-grid panel-has-style\" ><div class=\"siteorigin-panels-stretch panel-row-style panel-row-style-for-397-2\" data-stretch-type=\"full\" ><div id=\"pgc-397-2-0\"  class=\"panel-grid-cell\" ><div id=\"panel-397-2-0-0\" class=\"so-panel widget widget_sow-editor panel-first-child panel-last-child\" data-index=\"5\" ><div class=\"panel-widget-style panel-widget-style-for-397-2-0-0\" ><div\n\t\t\t\n\t\t\tclass=\"so-widget-sow-editor so-widget-sow-editor-base\"\n\t\t\t\n\t\t><h3 class=\"widget-title\">QUIEN PUEDE UNIRSE<\/h3>\n<div class=\"siteorigin-widget-tinymce textwidget\">\n\t<p><span style=\"font-weight: 400;\">Cualquier entidad tiene la oportunidad de unirse a nuestra C\u00e1mara. El pasado no importa, te ayudamos a restablecer tu futuro.<\/span><\/p>\n<\/div>\n<\/div><\/div><\/div><\/div><div id=\"pgc-397-2-1\"  class=\"panel-grid-cell\" ><div id=\"panel-397-2-1-0\" class=\"so-panel widget widget_sow-editor panel-first-child panel-last-child\" data-index=\"6\" ><div class=\"panel-widget-style panel-widget-style-for-397-2-1-0\" ><div\n\t\t\t\n\t\t\tclass=\"so-widget-sow-editor so-widget-sow-editor-base\"\n\t\t\t\n\t\t><h3 class=\"widget-title\">Sirviendo a los dem\u00e1s<\/h3>\n<div class=\"siteorigin-widget-tinymce textwidget\">\n\t<p><span style=\"font-weight: 400;\">Creemos que ayud\u00e1ndonos unos a otros y trabajando juntos, estableceremos un futuro mejor. Nuestras estrategias est\u00e1n dise\u00f1adas para que nuestro mercado pueda operar con integridad.<\/span><\/p>\n<\/div>\n<\/div><\/div><\/div><\/div><div id=\"pgc-397-2-2\"  class=\"panel-grid-cell\" ><div id=\"panel-397-2-2-0\" class=\"so-panel widget widget_sow-editor panel-first-child panel-last-child\" data-index=\"7\" ><div class=\"panel-widget-style panel-widget-style-for-397-2-2-0\" ><div\n\t\t\t\n\t\t\tclass=\"so-widget-sow-editor so-widget-sow-editor-base\"\n\t\t\t\n\t\t><h3 class=\"widget-title\">Te equipamos<\/h3>\n<div class=\"siteorigin-widget-tinymce textwidget\">\n\t<p><span style=\"font-weight: 400;\">Adem\u00e1s de ser una herramienta que puede utilizar para lograr sus objetivos comerciales, brindamos a nuestros clientes el mejor material educativo y recursos comerciales.<\/span><\/p>\n<\/div>\n<\/div><\/div><\/div><\/div><\/div><\/div><div id=\"pg-397-3\"  class=\"panel-grid panel-no-style\" ><div id=\"pgc-397-3-0\"  class=\"panel-grid-cell\" ><div id=\"panel-397-3-0-0\" class=\"so-panel widget widget_sow-editor panel-first-child panel-last-child\" data-index=\"8\" ><div\n\t\t\t\n\t\t\tclass=\"so-widget-sow-editor so-widget-sow-editor-base\"\n\t\t\t\n\t\t><h3 class=\"widget-title\">Abogac\u00eda<\/h3>\n<div class=\"siteorigin-widget-tinymce textwidget\">\n\t<p><span style=\"font-weight: 400;\">Nuestro Comit\u00e9 Legislativo de la C\u00e1mara est\u00e1 constantemente en la investigaci\u00f3n y divulgaci\u00f3n de nuestros funcionarios electos a nivel gubernamental, la C\u00e1mara de Comercio Cristiana constantemente ofrece lo \u00faltimo en desarrollos de nuestras industrias mientras busca soluciones a los problemas pol\u00edticos que afectan a nuestros mercados. Somos firmes defensores cuando se trata de defender nuestra econom\u00eda local.<\/span><\/p>\n<\/div>\n<\/div><\/div><\/div><div id=\"pgc-397-3-1\"  class=\"panel-grid-cell\" ><div id=\"panel-397-3-1-0\" class=\"so-panel widget widget_sow-editor panel-first-child panel-last-child\" data-index=\"9\" ><div\n\t\t\t\n\t\t\tclass=\"so-widget-sow-editor so-widget-sow-editor-base\"\n\t\t\t\n\t\t><h3 class=\"widget-title\">Liderazgo <\/h3>\n<div class=\"siteorigin-widget-tinymce textwidget\">\n\t<p><span style=\"font-weight: 400;\">\u00a1Crezcamos en sus habilidades de liderazgo! Las siguientes opciones lo ayudar\u00e1n a prosperar como l\u00edder para acercar a su equipo a las metas que aguardan detr\u00e1s de su misi\u00f3n y visi\u00f3n. Desarrolle su confianza y capacidad, pero equ\u00edpelos para construir una cultura de compromiso en la que los miembros del equipo conf\u00eden en sus habilidades y est\u00e9n entusiasmados para contribuir.<\/span><\/p>\n<\/div>\n<\/div><\/div><\/div><\/div><div id=\"pg-397-4\"  class=\"panel-grid panel-no-style\" ><div id=\"pgc-397-4-0\"  class=\"panel-grid-cell\" ><div id=\"panel-397-4-0-0\" class=\"so-panel widget widget_sow-editor panel-first-child panel-last-child\" data-index=\"10\" ><div\n\t\t\t\n\t\t\tclass=\"so-widget-sow-editor so-widget-sow-editor-base\"\n\t\t\t\n\t\t><h3 class=\"widget-title\">Recursos<\/h3>\n<div class=\"siteorigin-widget-tinymce textwidget\">\n\t<p class=\"p1\"><span style=\"font-weight: 400;\">Ser cristiano no significa confiar ciegamente. Significa que ponemos \u00e9nfasis en los valores cristianos, que se definen por la implementaci\u00f3n de buenas y justas pr\u00e1cticas comerciales. tambi\u00e9n se refiere a luchar y defender los valores positivos que queremos que sigan nuestras generaciones futuras. Establezca una red s\u00f3lida y transparente realizando siempre una auditor\u00eda comercial introductoria para proteger los intereses de todos. <\/span><\/p>\n<\/div>\n<\/div><\/div><\/div><div id=\"pgc-397-4-1\"  class=\"panel-grid-cell\" ><div id=\"panel-397-4-1-0\" class=\"so-panel widget widget_sow-editor panel-first-child panel-last-child\" data-index=\"11\" ><div\n\t\t\t\n\t\t\tclass=\"so-widget-sow-editor so-widget-sow-editor-base\"\n\t\t\t\n\t\t><h3 class=\"widget-title\">Desarrollo economico <\/h3>\n<div class=\"siteorigin-widget-tinymce textwidget\">\n\t<p class=\"p1\"><span style=\"font-weight: 400;\">Fortalecimiento de nuestra econom\u00eda Nuestra red de proveedores de servicios es un plan brillante para ayudar a nuestro mercado local. Descubra c\u00f3mo podemos utilizar mejor nuestro talento local. Ahorre tiempo y dinero y ordene con confianza dentro de su \u00e1rea.<\/span><\/p>\n<\/div>\n<\/div><\/div><\/div><\/div><div id=\"pg-397-5\"  class=\"panel-grid panel-no-style\" ><div id=\"pgc-397-5-0\"  class=\"panel-grid-cell\" ><div id=\"panel-397-5-0-0\" class=\"so-panel widget widget_sow-editor panel-first-child panel-last-child\" data-index=\"12\" ><div\n\t\t\t\n\t\t\tclass=\"so-widget-sow-editor so-widget-sow-editor-base\"\n\t\t\t\n\t\t><h3 class=\"widget-title\">Desarrollo de la red <\/h3>\n<div class=\"siteorigin-widget-tinymce textwidget\">\n\t<p><span style=\"font-weight: 400;\">Nuestra C\u00e1mara trabaja constantemente en una lista de eventos anual para abrir nuevas oportunidades para hacer crecer nuestro mercado actual. Ferias comerciales, almuerzos de networking, grupos industriales p\u00fablicos y privados ser\u00e1n algunas de las iniciativas en las que se concentrar\u00e1 nuestra energ\u00eda para establecer una red s\u00f3lida. Junto a eso, estamos abriendo el mercado a nuevos talentos, nuevos empresarios a nivel Nacional e Internacional.<\/span><\/p>\n<\/div>\n<\/div><\/div><\/div><div id=\"pgc-397-5-1\"  class=\"panel-grid-cell\" ><div id=\"panel-397-5-1-0\" class=\"so-panel widget widget_sow-editor panel-first-child panel-last-child\" data-index=\"13\" ><div\n\t\t\t\n\t\t\tclass=\"so-widget-sow-editor so-widget-sow-editor-base\"\n\t\t\t\n\t\t><h3 class=\"widget-title\">Marketing y publicidad<\/h3>\n<div class=\"siteorigin-widget-tinymce textwidget\">\n\t<p class=\"p1\"><span style=\"font-weight: 400;\">Nuestras membres\u00edas est\u00e1n dise\u00f1adas para ajustarse a los presupuestos de nuestros clientes. El bajo nivel de entrada de cada uno de ellos nos permite ofrecer a nuestros clientes descuentos especiales para miembros. Afiliarse a nuestro departamento de Publicidad y Marketing para lograr el m\u00e1ximo alcance y engagement con la audiencia. Adem\u00e1s, incluimos Producci\u00f3n de Medios b\u00e1sica que ahorra tiempo y costo a nuestro cliente.<\/span><\/p>\n<\/div>\n<\/div><\/div><\/div><\/div><div id=\"pg-397-6\"  class=\"panel-grid panel-no-style\" ><div id=\"pgc-397-6-0\"  class=\"panel-grid-cell\" ><div id=\"panel-397-6-0-0\" class=\"so-panel widget widget_sow-editor panel-first-child panel-last-child\" data-index=\"14\" ><div\n\t\t\t\n\t\t\tclass=\"so-widget-sow-editor so-widget-sow-editor-base\"\n\t\t\t\n\t\t>\n<div class=\"siteorigin-widget-tinymce textwidget\">\n\t<p><span style=\"font-weight: 400;\">La C\u00e1mara de Comercio Cristiana no discrimina ni discriminar\u00e1 por motivos de raza, color, religi\u00f3n (credo), g\u00e9nero, expresi\u00f3n de g\u00e9nero, edad, origen nacional (ascendencia), discapacidad, estado civil, orientaci\u00f3n sexual o estado militar, en cualquiera de sus actividades u operaciones. Estas actividades incluyen, entre otras, la contrataci\u00f3n y el despido de personal, la selecci\u00f3n de voluntarios y proveedores y la prestaci\u00f3n de servicios. Estamos comprometidos a proporcionar un entorno inclusivo y acogedor para todos los miembros de nuestro personal, clientes, voluntarios, subcontratistas, proveedores y clientes.<\/span><\/p>\n<p><span style=\"font-weight: 400;\">La C\u00e1mara de Comercio Cristiana es un empleador que ofrece igualdad de oportunidades. No discriminaremos y tomaremos medidas de acci\u00f3n afirmativa para asegurarnos contra la discriminaci\u00f3n en el empleo, reclutamiento, anuncios de empleo, compensaci\u00f3n, despido, ascenso, ascensos y otras condiciones de empleo contra cualquier empleado o solicitante de empleo por motivos de raza, color, g\u00e9nero, nacionalidad, edad, religi\u00f3n, credo, discapacidad, condici\u00f3n de veterano, orientaci\u00f3n sexual, identidad de g\u00e9nero o expresi\u00f3n de g\u00e9nero.<\/span><\/p>\n<\/div>\n<\/div><\/div><\/div><\/div><\/div>","protected":false},"excerpt":{"rendered":"<p>Unify businesses and organizations promoting Christian Values to bless our members and our community in the marketplace. Proverbs 8:17-18 We are the leading organization in stimulating Christian values \u200b\u200bin the market. We strengthen our members and the community in an integral way, participating in the socio-economic growth at a global level.<\/p>","protected":false},"author":1,"featured_media":0,"parent":0,"menu_order":0,"comment_status":"open","ping_status":"open","template":"","meta":{"nf_dc_page":"","footnotes":""},"class_list":["post-397","page","type-page","status-publish","hentry"],"yoast_head":"<!-- This site is optimized with the Yoast SEO plugin v27.4 - https:\/\/yoast.com\/product\/yoast-seo-wordpress\/ -->\n<title>About - Camara de Comercio Cristiana<\/title>\n<meta name=\"description\" content=\"Our vision. Highlight Christian values in the business communities.The Christian Chamber of Commerce is the place to find a credible businesses networ\" \/>\n<meta name=\"robots\" content=\"index, follow, max-snippet:-1, max-image-preview:large, max-video-preview:-1\" \/>\n<link rel=\"canonical\" href=\"https:\/\/camaradecomerciocristiana.com\/es\/about-us-our-vision\/\" \/>\n<meta property=\"og:locale\" content=\"es_MX\" \/>\n<meta property=\"og:type\" content=\"article\" \/>\n<meta property=\"og:title\" content=\"About - Camara de Comercio Cristiana\" \/>\n<meta property=\"og:description\" content=\"Our vision. Highlight Christian values in the business communities.The Christian Chamber of Commerce is the place to find a credible businesses networ\" \/>\n<meta property=\"og:url\" content=\"https:\/\/camaradecomerciocristiana.com\/es\/about-us-our-vision\/\" \/>\n<meta property=\"og:site_name\" content=\"Camara de Comercio Cristiana\" \/>\n<meta property=\"article:publisher\" content=\"https:\/\/www.facebook.com\/christianchamberofcommerceus\/\" \/>\n<meta property=\"article:modified_time\" content=\"2022-03-17T20:56:07+00:00\" \/>\n<meta name=\"twitter:card\" content=\"summary_large_image\" \/>\n<meta name=\"twitter:site\" content=\"@ccchdq1\" \/>\n<meta name=\"twitter:label1\" content=\"Tiempo de lectura\" \/>\n\t<meta name=\"twitter:data1\" content=\"3 minutos\" \/>\n<script type=\"application\/ld+json\" class=\"yoast-schema-graph\">{\"@context\":\"https:\\\/\\\/schema.org\",\"@graph\":[{\"@type\":\"WebPage\",\"@id\":\"https:\\\/\\\/camaradecomerciocristiana.com\\\/about-us-our-vision\\\/\",\"url\":\"https:\\\/\\\/camaradecomerciocristiana.com\\\/about-us-our-vision\\\/\",\"name\":\"About - Camara de Comercio Cristiana\",\"isPartOf\":{\"@id\":\"https:\\\/\\\/camaradecomerciocristiana.com\\\/#website\"},\"datePublished\":\"2014-11-20T05:53:11+00:00\",\"dateModified\":\"2022-03-17T20:56:07+00:00\",\"description\":\"Our vision. Highlight Christian values in the business communities.The Christian Chamber of Commerce is the place to find a credible businesses network\",\"breadcrumb\":{\"@id\":\"https:\\\/\\\/camaradecomerciocristiana.com\\\/about-us-our-vision\\\/#breadcrumb\"},\"inLanguage\":\"es\",\"potentialAction\":[{\"@type\":\"ReadAction\",\"target\":[\"https:\\\/\\\/camaradecomerciocristiana.com\\\/about-us-our-vision\\\/\"]}]},{\"@type\":\"BreadcrumbList\",\"@id\":\"https:\\\/\\\/camaradecomerciocristiana.com\\\/about-us-our-vision\\\/#breadcrumb\",\"itemListElement\":[{\"@type\":\"ListItem\",\"position\":1,\"name\":\"Home\",\"item\":\"https:\\\/\\\/camaradecomerciocristiana.com\\\/\"},{\"@type\":\"ListItem\",\"position\":2,\"name\":\"About\"}]},{\"@type\":\"WebSite\",\"@id\":\"https:\\\/\\\/camaradecomerciocristiana.com\\\/#website\",\"url\":\"https:\\\/\\\/camaradecomerciocristiana.com\\\/\",\"name\":\"Christian Chamber of Commerce\",\"description\":\"Ayudandonos unos a los otros\",\"publisher\":{\"@id\":\"https:\\\/\\\/camaradecomerciocristiana.com\\\/#organization\"},\"potentialAction\":[{\"@type\":\"SearchAction\",\"target\":{\"@type\":\"EntryPoint\",\"urlTemplate\":\"https:\\\/\\\/camaradecomerciocristiana.com\\\/?s={search_term_string}\"},\"query-input\":{\"@type\":\"PropertyValueSpecification\",\"valueRequired\":true,\"valueName\":\"search_term_string\"}}],\"inLanguage\":\"es\"},{\"@type\":\"Organization\",\"@id\":\"https:\\\/\\\/camaradecomerciocristiana.com\\\/#organization\",\"name\":\"Christian Chamber of commerce\",\"url\":\"https:\\\/\\\/camaradecomerciocristiana.com\\\/\",\"logo\":{\"@type\":\"ImageObject\",\"inLanguage\":\"es\",\"@id\":\"https:\\\/\\\/camaradecomerciocristiana.com\\\/#\\\/schema\\\/logo\\\/image\\\/\",\"url\":\"https:\\\/\\\/i0.wp.com\\\/camaradecomerciocristiana.com\\\/wp-content\\\/uploads\\\/2019\\\/07\\\/chris-small.png?fit=200%2C99&ssl=1\",\"contentUrl\":\"https:\\\/\\\/i0.wp.com\\\/camaradecomerciocristiana.com\\\/wp-content\\\/uploads\\\/2019\\\/07\\\/chris-small.png?fit=200%2C99&ssl=1\",\"width\":200,\"height\":99,\"caption\":\"Christian Chamber of commerce\"},\"image\":{\"@id\":\"https:\\\/\\\/camaradecomerciocristiana.com\\\/#\\\/schema\\\/logo\\\/image\\\/\"},\"sameAs\":[\"https:\\\/\\\/www.facebook.com\\\/christianchamberofcommerceus\\\/\",\"https:\\\/\\\/x.com\\\/ccchdq1\",\"https:\\\/\\\/www.instagram.com\\\/christian_chamber\\\/\",\"https:\\\/\\\/www.linkedin.com\\\/company\\\/the-christian-chamber-of-commerce\"]}]}<\/script>\n<!-- \/ Yoast SEO plugin. -->","yoast_head_json":{"title":"About - Camara de Comercio Cristiana","description":"Our vision. Highlight Christian values in the business communities.The Christian Chamber of Commerce is the place to find a credible businesses networ","robots":{"index":"index","follow":"follow","max-snippet":"max-snippet:-1","max-image-preview":"max-image-preview:large","max-video-preview":"max-video-preview:-1"},"canonical":"https:\/\/camaradecomerciocristiana.com\/es\/about-us-our-vision\/","og_locale":"es_MX","og_type":"article","og_title":"About - Camara de Comercio Cristiana","og_description":"Our vision. Highlight Christian values in the business communities.The Christian Chamber of Commerce is the place to find a credible businesses networ","og_url":"https:\/\/camaradecomerciocristiana.com\/es\/about-us-our-vision\/","og_site_name":"Camara de Comercio Cristiana","article_publisher":"https:\/\/www.facebook.com\/christianchamberofcommerceus\/","article_modified_time":"2022-03-17T20:56:07+00:00","twitter_card":"summary_large_image","twitter_site":"@ccchdq1","twitter_misc":{"Tiempo de lectura":"3 minutos"},"schema":{"@context":"https:\/\/schema.org","@graph":[{"@type":"WebPage","@id":"https:\/\/camaradecomerciocristiana.com\/about-us-our-vision\/","url":"https:\/\/camaradecomerciocristiana.com\/about-us-our-vision\/","name":"About - Camara de Comercio Cristiana","isPartOf":{"@id":"https:\/\/camaradecomerciocristiana.com\/#website"},"datePublished":"2014-11-20T05:53:11+00:00","dateModified":"2022-03-17T20:56:07+00:00","description":"Our vision. Highlight Christian values in the business communities.The Christian Chamber of Commerce is the place to find a credible businesses network","breadcrumb":{"@id":"https:\/\/camaradecomerciocristiana.com\/about-us-our-vision\/#breadcrumb"},"inLanguage":"es","potentialAction":[{"@type":"ReadAction","target":["https:\/\/camaradecomerciocristiana.com\/about-us-our-vision\/"]}]},{"@type":"BreadcrumbList","@id":"https:\/\/camaradecomerciocristiana.com\/about-us-our-vision\/#breadcrumb","itemListElement":[{"@type":"ListItem","position":1,"name":"Home","item":"https:\/\/camaradecomerciocristiana.com\/"},{"@type":"ListItem","position":2,"name":"About"}]},{"@type":"WebSite","@id":"https:\/\/camaradecomerciocristiana.com\/#website","url":"https:\/\/camaradecomerciocristiana.com\/","name":"C\u00e1mara de Comercio Cristiana","description":"Ayudandonos unos a los otros","publisher":{"@id":"https:\/\/camaradecomerciocristiana.com\/#organization"},"potentialAction":[{"@type":"SearchAction","target":{"@type":"EntryPoint","urlTemplate":"https:\/\/camaradecomerciocristiana.com\/?s={search_term_string}"},"query-input":{"@type":"PropertyValueSpecification","valueRequired":true,"valueName":"search_term_string"}}],"inLanguage":"es"},{"@type":"Organization","@id":"https:\/\/camaradecomerciocristiana.com\/#organization","name":"Christian Chamber of commerce","url":"https:\/\/camaradecomerciocristiana.com\/","logo":{"@type":"ImageObject","inLanguage":"es","@id":"https:\/\/camaradecomerciocristiana.com\/#\/schema\/logo\/image\/","url":"https:\/\/i0.wp.com\/camaradecomerciocristiana.com\/wp-content\/uploads\/2019\/07\/chris-small.png?fit=200%2C99&ssl=1","contentUrl":"https:\/\/i0.wp.com\/camaradecomerciocristiana.com\/wp-content\/uploads\/2019\/07\/chris-small.png?fit=200%2C99&ssl=1","width":200,"height":99,"caption":"Christian Chamber of commerce"},"image":{"@id":"https:\/\/camaradecomerciocristiana.com\/#\/schema\/logo\/image\/"},"sameAs":["https:\/\/www.facebook.com\/christianchamberofcommerceus\/","https:\/\/x.com\/ccchdq1","https:\/\/www.instagram.com\/christian_chamber\/","https:\/\/www.linkedin.com\/company\/the-christian-chamber-of-commerce"]}]}},"jetpack_sharing_enabled":true,"_links":{"self":[{"href":"https:\/\/camaradecomerciocristiana.com\/es\/wp-json\/wp\/v2\/pages\/397","targetHints":{"allow":["GET"]}}],"collection":[{"href":"https:\/\/camaradecomerciocristiana.com\/es\/wp-json\/wp\/v2\/pages"}],"about":[{"href":"https:\/\/camaradecomerciocristiana.com\/es\/wp-json\/wp\/v2\/types\/page"}],"author":[{"embeddable":true,"href":"https:\/\/camaradecomerciocristiana.com\/es\/wp-json\/wp\/v2\/users\/1"}],"replies":[{"embeddable":true,"href":"https:\/\/camaradecomerciocristiana.com\/es\/wp-json\/wp\/v2\/comments?post=397"}],"version-history":[{"count":8,"href":"https:\/\/camaradecomerciocristiana.com\/es\/wp-json\/wp\/v2\/pages\/397\/revisions"}],"predecessor-version":[{"id":53839,"href":"https:\/\/camaradecomerciocristiana.com\/es\/wp-json\/wp\/v2\/pages\/397\/revisions\/53839"}],"wp:attachment":[{"href":"https:\/\/camaradecomerciocristiana.com\/es\/wp-json\/wp\/v2\/media?parent=397"}],"curies":[{"name":"wp","href":"https:\/\/api.w.org\/{rel}","templated":true}]}}